{"id":107,"date":"2015-09-21T16:10:56","date_gmt":"2015-09-21T15:10:56","guid":{"rendered":"http:\/\/www.bac-prebocage.com\/?page_id=107"},"modified":"2016-05-03T15:36:22","modified_gmt":"2016-05-03T14:36:22","slug":"mobilite","status":"publish","type":"page","link":"https:\/\/www.bac-prebocage.com\/index.php\/nos-offres\/mobilite\/","title":{"rendered":"<center>ESPACE MOBILITE BACER<\/center>"},"content":{"rendered":"<h1 style=\"text-align: center;\"><span style=\"color: #993300;\"><strong>Location d&rsquo;un scooter<\/strong><\/span><\/h1>\n<ul>\n<li>Location \u00e0 la journ\u00e9e : 3.70 \u20ac (avec casque +0,55\u20ac)<\/li>\n<li>Location au mois : 85.00 \u20ac (avec casque +11,00\u20ac)<\/li>\n<li>Caution obligatoire de\u00a0200 \u20ac<\/li>\n<li>Assurance comprise<\/li>\n<li>BSR ou permis cat\u00e9gorie AM obligatoire (n\u00e9(e) apr\u00e8s le 01\/01\/88)<\/li>\n<li>Carte d&rsquo;identit\u00e9 et justificatif de domicile obligatoire<a href=\"http:\/\/www.bac-prebocage.com\/wp-content\/uploads\/2015\/09\/cyclomoteur.jpg\">\u00a0<\/a><\/li>\n<\/ul>\n<hr \/>\n<h1 style=\"text-align: center;\"><span style=\"color: #993300;\"><strong>Location d&rsquo;un v\u00e9hicule<\/strong><\/span><\/h1>\n<ul>\n<li>Location \u00e0 la journ\u00e9e :\u00a03.00 \u20ac<\/li>\n<li>Caution obligatoire de 84 \u20ac<\/li>\n<li>Assurance comprise<\/li>\n<li>Dur\u00e9e de la location limit\u00e9e \u00e0 2 mois<\/li>\n<li>Le demandeur doit passer par un prescripteur (P\u00f4le Emploi, services sociaux &#8230;)<\/li>\n<\/ul>\n<p>&nbsp;<\/p>\n<p><a href=\"http:\/\/www.bac-prebocage.com\/index.php\/nos-offres-demploi\/\">Contactez-nous<\/a><\/p>\n<p><center><strong>\u00a0<\/strong><\/center><\/p>\n","protected":false},"excerpt":{"rendered":"<p>Location d&rsquo;un scooter Location \u00e0 la journ\u00e9e : 3.70 \u20ac (avec casque +0,55\u20ac) Location au mois : 85.00 \u20ac (avec casque +11,00\u20ac) Caution obligatoire de\u00a0200 \u20ac Assurance comprise BSR ou permis cat\u00e9gorie AM obligatoire (n\u00e9(e) apr\u00e8s le 01\/01\/88) Carte d&rsquo;identit\u00e9 et justificatif de domicile obligatoire\u00a0 Location d&rsquo;un v\u00e9hicule Location \u00e0 la journ\u00e9e :\u00a03.00 \u20ac Caution [&hellip;]<\/p>\n","protected":false},"author":1,"featured_media":0,"parent":25,"menu_order":0,"comment_status":"closed","ping_status":"closed","template":"","meta":{"footnotes":""},"class_list":["post-107","page","type-page","status-publish","hentry"],"_links":{"self":[{"href":"https:\/\/www.bac-prebocage.com\/index.php\/wp-json\/wp\/v2\/pages\/107","targetHints":{"allow":["GET"]}}],"collection":[{"href":"https:\/\/www.bac-prebocage.com\/index.php\/wp-json\/wp\/v2\/pages"}],"about":[{"href":"https:\/\/www.bac-prebocage.com\/index.php\/wp-json\/wp\/v2\/types\/page"}],"author":[{"embeddable":true,"href":"https:\/\/www.bac-prebocage.com\/index.php\/wp-json\/wp\/v2\/users\/1"}],"replies":[{"embeddable":true,"href":"https:\/\/www.bac-prebocage.com\/index.php\/wp-json\/wp\/v2\/comments?post=107"}],"version-history":[{"count":33,"href":"https:\/\/www.bac-prebocage.com\/index.php\/wp-json\/wp\/v2\/pages\/107\/revisions"}],"predecessor-version":[{"id":450,"href":"https:\/\/www.bac-prebocage.com\/index.php\/wp-json\/wp\/v2\/pages\/107\/revisions\/450"}],"up":[{"embeddable":true,"href":"https:\/\/www.bac-prebocage.com\/index.php\/wp-json\/wp\/v2\/pages\/25"}],"wp:attachment":[{"href":"https:\/\/www.bac-prebocage.com\/index.php\/wp-json\/wp\/v2\/media?parent=107"}],"curies":[{"name":"wp","href":"https:\/\/api.w.org\/{rel}","templated":true}]}}