{"id":113,"date":"2015-09-21T16:22:09","date_gmt":"2015-09-21T15:22:09","guid":{"rendered":"http:\/\/www.bac-prebocage.com\/?page_id=113"},"modified":"2016-05-18T08:42:58","modified_gmt":"2016-05-18T07:42:58","slug":"accueil-2","status":"publish","type":"page","link":"https:\/\/www.bac-prebocage.com\/","title":{"rendered":""},"content":{"rendered":"<h1 style=\"text-align: center;\">BAC DU PRE-BOCAGE<\/h1>\n<p>&nbsp;<\/p>\n<h1 style=\"text-align: center;\">Vous recherchez une personne comp\u00e9tente<\/h1>\n<h1 style=\"text-align: center;\">Vous \u00eates \u00e0 la recherche d&rsquo;un emploi<\/h1>\n<p>&nbsp;<\/p>\n<h2 style=\"text-align: center;\"><strong><span style=\"color: #000000;\">NOTRE COMP\u00c9TENCE EST A VOTRE SERVICE<\/span><\/strong><\/h2>\n<h2 style=\"text-align: center;\"><strong>CONTACTEZ NOUS AU 02.31.77.34.67<\/strong><\/h2>\n<p>&nbsp;<\/p>\n<p>&nbsp;<\/p>\n<table style=\"height: 63px; background-color: #ffffff; border-color: #ffffff;\" width=\"476\">\n<tbody>\n<tr>\n<td style=\"border-color: #ffffff;\"><a href=\"http:\/\/www.bac-prebocage.com\/wp-content\/uploads\/2016\/05\/Socialement-responsable-.-org.png\"><img loading=\"lazy\" decoding=\"async\" class=\"wp-image-391 aligncenter\" src=\"http:\/\/www.bac-prebocage.com\/wp-content\/uploads\/2016\/05\/Socialement-responsable-.-org-300x64.png\" alt=\"Socialement responsable . org\" width=\"89\" height=\"19\" srcset=\"https:\/\/www.bac-prebocage.com\/wp-content\/uploads\/2016\/05\/Socialement-responsable-.-org-300x64.png 300w, https:\/\/www.bac-prebocage.com\/wp-content\/uploads\/2016\/05\/Socialement-responsable-.-org.png 392w\" sizes=\"auto, (max-width: 89px) 100vw, 89px\" \/><\/a><\/td>\n<td style=\"border-color: #ffffff;\"><a href=\"http:\/\/www.bac-prebocage.com\/wp-content\/uploads\/2016\/05\/Logo-ESS-2015.png\"><img loading=\"lazy\" decoding=\"async\" class=\"wp-image-389 aligncenter\" src=\"http:\/\/www.bac-prebocage.com\/wp-content\/uploads\/2016\/05\/Logo-ESS-2015-300x269.png\" alt=\"Logo-ESS-2015\" width=\"60\" height=\"54\" srcset=\"https:\/\/www.bac-prebocage.com\/wp-content\/uploads\/2016\/05\/Logo-ESS-2015-300x269.png 300w, https:\/\/www.bac-prebocage.com\/wp-content\/uploads\/2016\/05\/Logo-ESS-2015-1024x918.png 1024w\" sizes=\"auto, (max-width: 60px) 100vw, 60px\" \/><\/a><\/td>\n<td style=\"border-color: #ffffff; text-align: center; vertical-align: middle;\"><a href=\"http:\/\/www.bac-prebocage.com\/wp-content\/uploads\/2016\/05\/Coorace-cedre.png\"><img loading=\"lazy\" decoding=\"async\" class=\"alignnone wp-image-405 aligncenter\" src=\"http:\/\/www.bac-prebocage.com\/wp-content\/uploads\/2016\/05\/Coorace-cedre-300x71.png\" alt=\"Coorace cedre\" width=\"115\" height=\"27\" srcset=\"https:\/\/www.bac-prebocage.com\/wp-content\/uploads\/2016\/05\/Coorace-cedre-300x71.png 300w, https:\/\/www.bac-prebocage.com\/wp-content\/uploads\/2016\/05\/Coorace-cedre.png 463w\" sizes=\"auto, (max-width: 115px) 100vw, 115px\" \/><\/a><\/td>\n<\/tr>\n<\/tbody>\n<\/table>\n<p style=\"text-align: center;\">\n","protected":false},"excerpt":{"rendered":"<p>BAC DU PRE-BOCAGE &nbsp; Vous recherchez une personne comp\u00e9tente Vous \u00eates \u00e0 la recherche d&rsquo;un emploi &nbsp; NOTRE COMP\u00c9TENCE EST A VOTRE SERVICE CONTACTEZ NOUS AU 02.31.77.34.67 &nbsp; &nbsp;<\/p>\n","protected":false},"author":1,"featured_media":0,"parent":0,"menu_order":0,"comment_status":"closed","ping_status":"closed","template":"","meta":{"footnotes":""},"class_list":["post-113","page","type-page","status-publish","hentry"],"_links":{"self":[{"href":"https:\/\/www.bac-prebocage.com\/index.php\/wp-json\/wp\/v2\/pages\/113","targetHints":{"allow":["GET"]}}],"collection":[{"href":"https:\/\/www.bac-prebocage.com\/index.php\/wp-json\/wp\/v2\/pages"}],"about":[{"href":"https:\/\/www.bac-prebocage.com\/index.php\/wp-json\/wp\/v2\/types\/page"}],"author":[{"embeddable":true,"href":"https:\/\/www.bac-prebocage.com\/index.php\/wp-json\/wp\/v2\/users\/1"}],"replies":[{"embeddable":true,"href":"https:\/\/www.bac-prebocage.com\/index.php\/wp-json\/wp\/v2\/comments?post=113"}],"version-history":[{"count":50,"href":"https:\/\/www.bac-prebocage.com\/index.php\/wp-json\/wp\/v2\/pages\/113\/revisions"}],"predecessor-version":[{"id":485,"href":"https:\/\/www.bac-prebocage.com\/index.php\/wp-json\/wp\/v2\/pages\/113\/revisions\/485"}],"wp:attachment":[{"href":"https:\/\/www.bac-prebocage.com\/index.php\/wp-json\/wp\/v2\/media?parent=113"}],"curies":[{"name":"wp","href":"https:\/\/api.w.org\/{rel}","templated":true}]}}