{"id":21,"date":"2015-09-21T13:32:26","date_gmt":"2015-09-21T12:32:26","guid":{"rendered":"http:\/\/www.bac-prebocage.com\/?page_id=21"},"modified":"2016-05-18T08:44:19","modified_gmt":"2016-05-18T07:44:19","slug":"presentation","status":"publish","type":"page","link":"https:\/\/www.bac-prebocage.com\/index.php\/presentation\/","title":{"rendered":""},"content":{"rendered":"<h2 style=\"text-align: left;\"><strong>BAC DU PRE-BOCAGE<\/strong><br \/>\n<strong> Bourse d&rsquo;Aide aux Ch\u00f4meurs\u00a0<\/strong><strong>par le Travail<\/strong><br \/>\n<strong> 51 Route de Torigni<\/strong><br \/>\n<strong> 14240 CAUMONT-L&rsquo;EVENTE<\/strong><\/h2>\n<p style=\"text-align: left;\"><strong>T\u00e9l\u00e9phone : 02 31 77 34 67<\/strong><br \/>\n<strong> Fax :\u00a002 31 77 08 42<\/strong><\/p>\n<p style=\"text-align: left;\">Directrice G\u00e9n\u00e9rale : Nathalie HANICOT<\/p>\n<p style=\"text-align: left;\">Directrice Adjointe : St\u00e9phanie AUBIN<\/p>\n<p style=\"text-align: left;\">Conseill\u00e8re en Insertion : Clo\u00e9 LELANDAIS<\/p>\n<p style=\"text-align: left;\">Employ\u00e9e Administrative : Dominique BARBEY<\/p>\n<p style=\"text-align: left;\">Charg\u00e9e d&rsquo;accueil : Cindy LE CHARTIER<\/p>\n","protected":false},"excerpt":{"rendered":"<p>BAC DU PRE-BOCAGE Bourse d&rsquo;Aide aux Ch\u00f4meurs\u00a0par le Travail 51 Route de Torigni 14240 CAUMONT-L&rsquo;EVENTE T\u00e9l\u00e9phone : 02 31 77 34 67 Fax :\u00a002 31 77 08 42 Directrice G\u00e9n\u00e9rale : Nathalie HANICOT Directrice Adjointe : St\u00e9phanie AUBIN Conseill\u00e8re en Insertion : Clo\u00e9 LELANDAIS Employ\u00e9e Administrative : Dominique BARBEY Charg\u00e9e d&rsquo;accueil : Cindy LE CHARTIER<\/p>\n","protected":false},"author":1,"featured_media":0,"parent":0,"menu_order":0,"comment_status":"closed","ping_status":"closed","template":"","meta":{"footnotes":""},"class_list":["post-21","page","type-page","status-publish","hentry"],"_links":{"self":[{"href":"https:\/\/www.bac-prebocage.com\/index.php\/wp-json\/wp\/v2\/pages\/21","targetHints":{"allow":["GET"]}}],"collection":[{"href":"https:\/\/www.bac-prebocage.com\/index.php\/wp-json\/wp\/v2\/pages"}],"about":[{"href":"https:\/\/www.bac-prebocage.com\/index.php\/wp-json\/wp\/v2\/types\/page"}],"author":[{"embeddable":true,"href":"https:\/\/www.bac-prebocage.com\/index.php\/wp-json\/wp\/v2\/users\/1"}],"replies":[{"embeddable":true,"href":"https:\/\/www.bac-prebocage.com\/index.php\/wp-json\/wp\/v2\/comments?post=21"}],"version-history":[{"count":13,"href":"https:\/\/www.bac-prebocage.com\/index.php\/wp-json\/wp\/v2\/pages\/21\/revisions"}],"predecessor-version":[{"id":486,"href":"https:\/\/www.bac-prebocage.com\/index.php\/wp-json\/wp\/v2\/pages\/21\/revisions\/486"}],"wp:attachment":[{"href":"https:\/\/www.bac-prebocage.com\/index.php\/wp-json\/wp\/v2\/media?parent=21"}],"curies":[{"name":"wp","href":"https:\/\/api.w.org\/{rel}","templated":true}]}}