{"id":28,"date":"2015-09-21T13:35:41","date_gmt":"2015-09-21T12:35:41","guid":{"rendered":"http:\/\/www.bac-prebocage.com\/?page_id=28"},"modified":"2016-03-23T15:30:45","modified_gmt":"2016-03-23T14:30:45","slug":"nos-offres-de-service","status":"publish","type":"page","link":"https:\/\/www.bac-prebocage.com\/index.php\/nos-offres-de-service\/","title":{"rendered":"Service \u00e0 la personne"},"content":{"rendered":"<p><strong>BAC DU PRE-BOCAGE<\/strong><br \/>\n<strong> 51 Route de Torigni &#8211; 14240 CAUMONT L&rsquo;EVENTE<\/strong><br \/>\n<strong> 02.31.77.34.67<\/strong><\/p>\n<p><strong>Num\u00e9ro de SIRET : 342.246.600.000.31<\/strong><br \/>\n<strong> Num\u00e9ro d&rsquo;agr\u00e9ment simple : R\/171111\/A\/014\/5\/030<\/strong><br \/>\n<strong> du 17-11-2011<\/strong><\/p>\n<p><span style=\"color: #993300;\">Mise \u00e0 disposition de personnel, un service de proximit\u00e9 simple et rapide<\/span><br \/>\nN&rsquo;h\u00e9sitez pas \u00e0 nous contacter pour:<\/p>\n<p><strong>Entretien de la maison et travaux m\u00e9nagers<\/strong> (m\u00e9nages (sols, murs, vitres), repassage &#8230;)<br \/>\n<strong>Petits travaux de jardinage y compris des travaux de d\u00e9broussaillage<\/strong> (tonte, taille, nettoyage et entretien des parterres, du potager, de la cour, enl\u00e8vement des d\u00e9chets \u2026)**<br \/>\n<strong>Prestation de petit bricolage, dite \u00ab homme toutes mains \u00bb <\/strong>(prestation qui ne doit pas d\u00e9passer 2 heures : petites r\u00e9parations, installer une \u00e9tag\u00e8re, poser une tringle, poser un verrou, remplacer une poign\u00e9e, graisser une porte, d\u00e9boucher un lavabo, remplacer un robinet, changer une ampoule, \u2026)**<br \/>\n<strong>Garde d&rsquo;enfants de plus de 3 ans \u00e0 domicile<\/strong><br \/>\n<strong>Accompagnement des enfants de plus de 3 ans dans leurs d\u00e9placements, \u00e0 la condition que cette prestation soit comprise dans une offre de services, incluant un ensemble d\u2019activit\u00e9s effectu\u00e9es \u00e0 domicile<\/strong> (r\u00e9cup\u00e9ration des enfants, pr\u00e9paration du go\u00fbter, aide aux devoirs, \u2026)<br \/>\n<strong>Soutien scolaire \u00e0 domicile<\/strong> (aide aux devoirs)<br \/>\n<strong>Cours \u00e0 domicile<\/strong> (cours de remise \u00e0 niveau)<br \/>\n<strong>Pr\u00e9paration des repas \u00e0 domicile, y compris le temps pass\u00e9 aux commissions<\/strong><br \/>\n<strong>Assistance informatique et Internet \u00e0 domicile<\/strong> (installation du mat\u00e9riel, assistance pour le fonctionnement)**<br \/>\n<strong>Soins et promenades d\u2019animaux domestiques , \u00e0 l\u2019exception des soins v\u00e9t\u00e9rinaires et du toilettage, pour les personnes d\u00e9pendantes<\/strong> (changement de la liti\u00e8re, pr\u00e9paration de la nourriture, promenade des animaux de compagnie, \u2026)<br \/>\n<strong>Maintenance, entretien et vigilance temporaires \u00e0 domicile de la r\u00e9sidence principale et secondaire<\/strong> (rel\u00e8ve du courrier, ouverture et fermeture des volets, arrosage et entretien des plantes, visite, \u2026)<br \/>\n<strong>Assistance administrative \u00e0 domicile<\/strong> (tri et rangement du courrier, aide \u00e0 l\u2019\u00e9laboration d\u2019un courrier, \u2026)<\/p>\n<p><span style=\"color: #993300;\">SIMPLIFICATION ADMINISTRATIVE<\/span><\/p>\n<p>Vous n\u2019avez aucune d\u00e9claration \u00e0 faire. Nous nous occupons de toutes les d\u00e9marches administratives.<\/p>\n<p><span style=\"color: #993300;\">REDUCTION D&rsquo;IMPOTS<\/span><\/p>\n<p>Pour 2015, le montant de la r\u00e9duction d&rsquo;imp\u00f4t est \u00e9gal \u00e0 50% des d\u00e9penses effectivement pay\u00e9es, dans la limite de 12 000 \u20ac (soit une r\u00e9duction maximale de 6 000 \u20ac). Ce plafond est major\u00e9 de 1 500 \u20ac par enfant ou ascendant \u00e2g\u00e9 de plus de 65 ans \u00e0 charge, vivant sous le toit du contribuable, dans la limite de 15 000 \u20ac.<br \/>\nToutes les activit\u00e9s de services \u00e0 la personne telles que list\u00e9es ci-dessus ouvrent droit \u00e0 r\u00e9ductions fiscales. Toutefois les activit\u00e9s suivantes (**) font l&rsquo;objet d&rsquo;une r\u00e9duction ou d&rsquo;un cr\u00e9dit d&rsquo;imp\u00f4ts selon le bar\u00eame ci-dessous :<span style=\"color: #000000;\"><span style=\"font-size: 12pt;\"><span style=\"font-family: Arial; font-size: 10pt;\">\u00a0<\/span><\/span><\/span><\/p>\n<table style=\"border-collapse: collapse;\" border=\"1\" cellspacing=\"0\" cellpadding=\"0\" align=\"\">\n<tbody>\n<tr>\n<td style=\"width: 138.5pt; border: windowtext 0.5pt solid; padding: 0cm 3.5pt 0cm 3.5pt;\" valign=\"top\" width=\"231\">\n<p style=\"text-align: center;\"><span style=\"font-family: Arial; font-size: 10pt;\">Activit\u00e9<\/span><\/p>\n<\/td>\n<td style=\"border-bottom: windowtext 0.5pt solid; border-left: medium none; width: 104.05pt; border-top: windowtext 0.5pt solid; border-right: windowtext 0.5pt solid; padding: 0cm 3.5pt 0cm 3.5pt;\" valign=\"top\" width=\"173\">\n<p style=\"text-align: center;\"><span style=\"font-family: Arial; font-size: 10pt;\">R\u00e9duction ou cr\u00e9dit d\u2019imp\u00f4ts<\/span><\/p>\n<\/td>\n<td style=\"border-bottom: windowtext 0.5pt solid; border-left: medium none; width: 121.3pt; border-top: windowtext 0.5pt solid; border-right: windowtext 0.5pt solid; padding: 0cm 3.5pt 0cm 3.5pt;\" valign=\"top\" width=\"202\">\n<p style=\"text-align: center;\"><span style=\"font-family: Arial; font-size: 10pt;\">Plafond annuel de d\u00e9penses par foyer fiscal<\/span><\/p>\n<\/td>\n<td style=\"border-bottom: windowtext 0.5pt solid; border-left: medium none; width: 121.3pt; border-top: windowtext 0.5pt solid; border-right: windowtext 0.5pt solid; padding: 0cm 3.5pt 0cm 3.5pt;\" valign=\"top\" width=\"202\">\n<p style=\"text-align: center;\"><span style=\"font-family: Arial; font-size: 10pt;\">Soit une r\u00e9duction maximale de \u2026<\/span><\/p>\n<\/td>\n<\/tr>\n<tr>\n<td style=\"border-bottom: windowtext 0.5pt solid; border-left: windowtext 0.5pt solid; width: 138.5pt; border-top: medium none; border-right: windowtext 0.5pt solid; padding: 0cm 3.5pt 0cm 3.5pt;\" valign=\"top\" width=\"231\"><span style=\"font-family: Arial; font-size: 10pt;\">Petits travaux de jardinage<\/span><\/td>\n<td style=\"border-bottom: windowtext 0.5pt solid; border-left: medium none; width: 104.05pt; border-top: medium none; border-right: windowtext 0.5pt solid; padding: 0cm 3.5pt 0cm 3.5pt;\" valign=\"top\" width=\"173\">\n<p style=\"text-align: center;\"><span style=\"font-family: Arial; font-size: 10pt;\">50%<\/span><\/p>\n<\/td>\n<td style=\"border-bottom: windowtext 0.5pt solid; border-left: medium none; width: 121.3pt; border-top: medium none; border-right: windowtext 0.5pt solid; padding: 0cm 3.5pt 0cm 3.5pt;\" valign=\"top\" width=\"202\">\n<p style=\"text-align: center;\"><span style=\"font-family: Arial; font-size: 10pt;\">5 000 \u20ac<\/span><\/p>\n<\/td>\n<td style=\"border-bottom: windowtext 0.5pt solid; border-left: medium none; width: 121.3pt; border-top: medium none; border-right: windowtext 0.5pt solid; padding: 0cm 3.5pt 0cm 3.5pt;\" valign=\"top\" width=\"202\">\n<p style=\"text-align: center;\"><span style=\"font-family: Arial; font-size: 10pt;\">2 500\u20ac<\/span><\/p>\n<\/td>\n<\/tr>\n<tr>\n<td style=\"border-bottom: windowtext 0.5pt solid; border-left: windowtext 0.5pt solid; width: 138.5pt; border-top: medium none; border-right: windowtext 0.5pt solid; padding: 0cm 3.5pt 0cm 3.5pt;\" valign=\"top\" width=\"231\"><span style=\"font-family: Arial; font-size: 10pt;\">Petit bricolage<\/span><\/td>\n<td style=\"border-bottom: windowtext 0.5pt solid; border-left: medium none; width: 104.05pt; border-top: medium none; border-right: windowtext 0.5pt solid; padding: 0cm 3.5pt 0cm 3.5pt;\" valign=\"top\" width=\"173\">\n<p style=\"text-align: center;\"><span style=\"font-family: Arial; font-size: 10pt;\">50%<\/span><\/p>\n<\/td>\n<td style=\"border-bottom: windowtext 0.5pt solid; border-left: medium none; width: 121.3pt; border-top: medium none; border-right: windowtext 0.5pt solid; padding: 0cm 3.5pt 0cm 3.5pt;\" valign=\"top\" width=\"202\">\n<p style=\"text-align: center;\"><span style=\"font-family: Arial; font-size: 10pt;\">500 \u20ac<\/span><\/p>\n<\/td>\n<td style=\"border-bottom: windowtext 0.5pt solid; border-left: medium none; width: 121.3pt; border-top: medium none; border-right: windowtext 0.5pt solid; padding: 0cm 3.5pt 0cm 3.5pt;\" valign=\"top\" width=\"202\">\n<p style=\"text-align: center;\"><span style=\"font-family: Arial; font-size: 10pt;\">250 \u20ac<\/span><\/p>\n<p style=\"text-align: center;\">\n<\/td>\n<\/tr>\n<tr>\n<td style=\"border-bottom: windowtext 0.5pt solid; border-left: windowtext 0.5pt solid; width: 138.5pt; border-top: medium none; border-right: windowtext 0.5pt solid; padding: 0cm 3.5pt 0cm 3.5pt;\" valign=\"top\" width=\"231\"><span style=\"font-family: Arial; font-size: 10pt;\">Assistance informatique<\/span><\/td>\n<td style=\"border-bottom: windowtext 0.5pt solid; border-left: medium none; width: 104.05pt; border-top: medium none; border-right: windowtext 0.5pt solid; padding: 0cm 3.5pt 0cm 3.5pt;\" valign=\"top\" width=\"173\">\n<p style=\"text-align: center;\"><span style=\"font-family: Arial; font-size: 10pt;\">50%<\/span><\/p>\n<\/td>\n<td style=\"border-bottom: windowtext 0.5pt solid; border-left: medium none; width: 121.3pt; border-top: medium none; border-right: windowtext 0.5pt solid; padding: 0cm 3.5pt 0cm 3.5pt;\" valign=\"top\" width=\"202\">\n<p style=\"text-align: center;\"><span style=\"font-family: Arial; font-size: 10pt;\">3 000 \u20ac<\/span><\/p>\n<\/td>\n<td style=\"border-bottom: windowtext 0.5pt solid; border-left: medium none; width: 121.3pt; border-top: medium none; border-right: windowtext 0.5pt solid; padding: 0cm 3.5pt 0cm 3.5pt;\" valign=\"top\" width=\"202\">\n<p style=\"text-align: center;\"><span style=\"font-family: Arial; font-size: 10pt;\">1 500\u20ac\u00a0<\/span><\/p>\n<\/td>\n<\/tr>\n<\/tbody>\n<\/table>\n<p>&nbsp;<\/p>\n<p><span style=\"color: #993300;\">CREDIT D&rsquo;IMPOTS<\/span><\/p>\n<p>Pour les couples ou personnes isol\u00e9es qui, soit exercent une activit\u00e9 professionnelle, soit sont inscrits comme demandeurs d\u2019emploi depuis au moins 3 mois, la r\u00e9duction d\u2019imp\u00f4ts sera remplac\u00e9e par un cr\u00e9dit d\u2019imp\u00f4ts de 50% des d\u00e9penses, avec les m\u00eames plafonds de d\u00e9penses. Si le cr\u00e9dit d\u2019imp\u00f4ts exc\u00e8de l\u2019imp\u00f4t d\u00fb, le Tr\u00e9sor Public remboursera l\u2019exc\u00e9dent.<\/p>\n<p><span style=\"color: #993300;\">TARIF ET REGLEMENT<\/span><\/p>\n<p>En 2015, le tarif est de 16.15 \u20ac, soit 8.08 \u20ac apr\u00e8s r\u00e9duction fiscale ou cr\u00e9dit d&rsquo;imp\u00f4ts.<br \/>\nVous avez la possibilit\u00e9 de nous r\u00e9gler par ch\u00e8que, virement bancaire ou C.E.S.U. pr\u00e9financ\u00e9.<\/p>\n","protected":false},"excerpt":{"rendered":"<p>BAC DU PRE-BOCAGE 51 Route de Torigni &#8211; 14240 CAUMONT L&rsquo;EVENTE 02.31.77.34.67 Num\u00e9ro de SIRET : 342.246.600.000.31 Num\u00e9ro d&rsquo;agr\u00e9ment simple : R\/171111\/A\/014\/5\/030 du 17-11-2011 Mise \u00e0 disposition de personnel, un service de proximit\u00e9 simple et rapide N&rsquo;h\u00e9sitez pas \u00e0 nous contacter pour: Entretien de la maison et travaux m\u00e9nagers (m\u00e9nages (sols, murs, vitres), repassage &#8230;) [&hellip;]<\/p>\n","protected":false},"author":1,"featured_media":0,"parent":0,"menu_order":0,"comment_status":"closed","ping_status":"closed","template":"","meta":{"footnotes":""},"class_list":["post-28","page","type-page","status-publish","hentry"],"_links":{"self":[{"href":"https:\/\/www.bac-prebocage.com\/index.php\/wp-json\/wp\/v2\/pages\/28","targetHints":{"allow":["GET"]}}],"collection":[{"href":"https:\/\/www.bac-prebocage.com\/index.php\/wp-json\/wp\/v2\/pages"}],"about":[{"href":"https:\/\/www.bac-prebocage.com\/index.php\/wp-json\/wp\/v2\/types\/page"}],"author":[{"embeddable":true,"href":"https:\/\/www.bac-prebocage.com\/index.php\/wp-json\/wp\/v2\/users\/1"}],"replies":[{"embeddable":true,"href":"https:\/\/www.bac-prebocage.com\/index.php\/wp-json\/wp\/v2\/comments?post=28"}],"version-history":[{"count":4,"href":"https:\/\/www.bac-prebocage.com\/index.php\/wp-json\/wp\/v2\/pages\/28\/revisions"}],"predecessor-version":[{"id":249,"href":"https:\/\/www.bac-prebocage.com\/index.php\/wp-json\/wp\/v2\/pages\/28\/revisions\/249"}],"wp:attachment":[{"href":"https:\/\/www.bac-prebocage.com\/index.php\/wp-json\/wp\/v2\/media?parent=28"}],"curies":[{"name":"wp","href":"https:\/\/api.w.org\/{rel}","templated":true}]}}