{"id":92,"date":"2015-09-21T16:08:22","date_gmt":"2015-09-21T15:08:22","guid":{"rendered":"http:\/\/www.bac-prebocage.com\/?page_id=92"},"modified":"2016-05-03T15:43:07","modified_gmt":"2016-05-03T14:43:07","slug":"demandeurs-demploi","status":"publish","type":"page","link":"https:\/\/www.bac-prebocage.com\/index.php\/nos-offres\/demandeurs-demploi\/","title":{"rendered":""},"content":{"rendered":"<p>La BAC DU PRE-BOCAGE peut vous proposer :<\/p>\n<ul style=\"list-style-type: circle;\">\n<li>Des missions de travail,<\/li>\n<li>Un accompagnement personnalis\u00e9 par un Conseiller en Insertion,<\/li>\n<li>Des conseils dans les d\u00e9marches (P\u00d4LE-EMPLOI, CAF, &#8230;.),<\/li>\n<li>Des informations sur vos droits et devoirs.<\/li>\n<\/ul>\n<p>Et aussi :<\/p>\n<ul style=\"list-style-type: circle;\">\n<li>Des formations,<\/li>\n<li>Des journ\u00e9es d&rsquo;information sur la formation, la sant\u00e9, l&rsquo;hygi\u00e8ne, la s\u00e9curit\u00e9 au travail,<\/li>\n<li>Des\u00a0interventions de professionnels,<\/li>\n<li>Des\u00a0locations de scooter et voiture.<\/li>\n<\/ul>\n<p><strong><a href=\"http:\/\/www.bac-prebocage.com\/index.php\/deposer-votre-cv\/\">D\u00e9posez votre CV<\/a><\/strong><\/p>\n","protected":false},"excerpt":{"rendered":"<p>La BAC DU PRE-BOCAGE peut vous proposer : Des missions de travail, Un accompagnement personnalis\u00e9 par un Conseiller en Insertion, Des conseils dans les d\u00e9marches (P\u00d4LE-EMPLOI, CAF, &#8230;.), Des informations sur vos droits et devoirs. Et aussi : Des formations, Des journ\u00e9es d&rsquo;information sur la formation, la sant\u00e9, l&rsquo;hygi\u00e8ne, la s\u00e9curit\u00e9 au travail, Des\u00a0interventions de [&hellip;]<\/p>\n","protected":false},"author":1,"featured_media":0,"parent":25,"menu_order":0,"comment_status":"closed","ping_status":"closed","template":"","meta":{"footnotes":""},"class_list":["post-92","page","type-page","status-publish","hentry"],"_links":{"self":[{"href":"https:\/\/www.bac-prebocage.com\/index.php\/wp-json\/wp\/v2\/pages\/92","targetHints":{"allow":["GET"]}}],"collection":[{"href":"https:\/\/www.bac-prebocage.com\/index.php\/wp-json\/wp\/v2\/pages"}],"about":[{"href":"https:\/\/www.bac-prebocage.com\/index.php\/wp-json\/wp\/v2\/types\/page"}],"author":[{"embeddable":true,"href":"https:\/\/www.bac-prebocage.com\/index.php\/wp-json\/wp\/v2\/users\/1"}],"replies":[{"embeddable":true,"href":"https:\/\/www.bac-prebocage.com\/index.php\/wp-json\/wp\/v2\/comments?post=92"}],"version-history":[{"count":8,"href":"https:\/\/www.bac-prebocage.com\/index.php\/wp-json\/wp\/v2\/pages\/92\/revisions"}],"predecessor-version":[{"id":460,"href":"https:\/\/www.bac-prebocage.com\/index.php\/wp-json\/wp\/v2\/pages\/92\/revisions\/460"}],"up":[{"embeddable":true,"href":"https:\/\/www.bac-prebocage.com\/index.php\/wp-json\/wp\/v2\/pages\/25"}],"wp:attachment":[{"href":"https:\/\/www.bac-prebocage.com\/index.php\/wp-json\/wp\/v2\/media?parent=92"}],"curies":[{"name":"wp","href":"https:\/\/api.w.org\/{rel}","templated":true}]}}