{"id":95,"date":"2015-09-21T16:08:55","date_gmt":"2015-09-21T15:08:55","guid":{"rendered":"http:\/\/www.bac-prebocage.com\/?page_id=95"},"modified":"2016-05-30T09:14:40","modified_gmt":"2016-05-30T08:14:40","slug":"particuliers","status":"publish","type":"page","link":"https:\/\/www.bac-prebocage.com\/index.php\/nos-offres\/particuliers\/","title":{"rendered":""},"content":{"rendered":"<h2><\/h2>\n<ul>\n<li>\n<h4><span style=\"text-decoration: underline;\">FACILITE <\/span>: simplification des formalit\u00e9s administratives<\/h4>\n<\/li>\n<li>\n<h4><span style=\"text-decoration: underline;\">SOUPLESSE<\/span> : r\u00e9ponse personnalis\u00e9e \u00e0 vos besoins<\/h4>\n<\/li>\n<li>\n<h4><span style=\"text-decoration: underline;\">SOLIDARIT\u00c9<\/span> : personnel recrut\u00e9 aupr\u00e8s de chez vous<\/h4>\n<\/li>\n<li>\n<h4><span style=\"text-decoration: underline;\">\u00c9<\/span><span style=\"text-decoration: underline;\">CONOMIQUE<\/span> : possibilit\u00e9 de d\u00e9duction fiscale*<\/h4>\n<\/li>\n<\/ul>\n<p>&nbsp;<\/p>\n<h3 style=\"text-align: center;\">Pour votre r\u00e9sidence principale ou secondaire<\/h3>\n<h3 style=\"text-align: center;\">Votre location saisonni\u00e8re<\/h3>\n<h3 style=\"text-align: center;\">Pour des travaux ponctuels ou r\u00e9guliers<\/h3>\n<p>&nbsp;<\/p>\n<p>La <strong>BAC DU PRE-BOCAGE<\/strong> met \u00e0 disposition du personnel pour les activit\u00e9s suivantes\u00a0:<\/p>\n<ul style=\"list-style-type: disc;\">\n<li>Entretien de la maison et du linge<\/li>\n<li>Entretien du jardin<\/li>\n<li>Garde d\u2019enfants de plus de 3 ans<\/li>\n<li>Livraison de courses<\/li>\n<li>Pr\u00e9paration des repas<\/li>\n<li>Garde d\u2019animaux, soins et promenades<\/li>\n<li>Petit bricolage<\/li>\n<li>Assistance administrative<\/li>\n<li>Soutien informatique<\/li>\n<li>Soutien scolaire, Etc \u2026..<\/li>\n<\/ul>\n<p><strong>\u00a0\u00a0\u00a0\u00a0\u00a0 Cette liste n&rsquo;est pas exhaustive. N&rsquo;h\u00e9sitez pas \u00e0 nous contacter pour toutes information compl\u00e9mentaire.<\/strong><\/p>\n<p>Possibilit\u00e9\u00a0de r\u00e9glement\u00a0par CESU pr\u00e9-financ\u00e9\u00a0(Ch\u00e8que emploi service universel).<\/p>\n<p><a href=\"http:\/\/www.bac-prebocage.com\/wp-content\/uploads\/2016\/05\/logo-cesu-accepte.jpg\"><img loading=\"lazy\" decoding=\"async\" class=\"wp-image-388 aligncenter\" src=\"http:\/\/www.bac-prebocage.com\/wp-content\/uploads\/2016\/05\/logo-cesu-accepte-300x218.jpg\" alt=\"logo-cesu-accepte\" width=\"249\" height=\"181\" srcset=\"https:\/\/www.bac-prebocage.com\/wp-content\/uploads\/2016\/05\/logo-cesu-accepte-300x218.jpg 300w, https:\/\/www.bac-prebocage.com\/wp-content\/uploads\/2016\/05\/logo-cesu-accepte.jpg 604w\" sizes=\"auto, (max-width: 249px) 100vw, 249px\" \/><\/a><\/p>\n<p>&nbsp;<\/p>\n<h6>*La BAC DU PRE-BOCAGE est une association agr\u00e9\u00e9e par l\u2019\u00c9tat pour les services \u00e0 la personne. 50% des frais engag\u00e9s sont d\u00e9ductibles de l&rsquo;imp\u00f4t sur les revenus, ou en cr\u00e9dit d&rsquo;imp\u00f4t, en fonction des travaux.<\/h6>\n<h6>Pour plus de d\u00e9tails <a href=\"http:\/\/www.bac-prebocage.com\/wp-content\/uploads\/2016\/05\/livret-bac.pdf\" target=\"_blank\">cliquer ici<\/a><\/h6>\n<p>&nbsp;<\/p>\n<p>&nbsp;<\/p>\n","protected":false},"excerpt":{"rendered":"<p>FACILITE : simplification des formalit\u00e9s administratives SOUPLESSE : r\u00e9ponse personnalis\u00e9e \u00e0 vos besoins SOLIDARIT\u00c9 : personnel recrut\u00e9 aupr\u00e8s de chez vous \u00c9CONOMIQUE : possibilit\u00e9 de d\u00e9duction fiscale* &nbsp; Pour votre r\u00e9sidence principale ou secondaire Votre location saisonni\u00e8re Pour des travaux ponctuels ou r\u00e9guliers &nbsp; La BAC DU PRE-BOCAGE met \u00e0 disposition du personnel pour les [&hellip;]<\/p>\n","protected":false},"author":1,"featured_media":0,"parent":25,"menu_order":0,"comment_status":"closed","ping_status":"closed","template":"","meta":{"footnotes":""},"class_list":["post-95","page","type-page","status-publish","hentry"],"_links":{"self":[{"href":"https:\/\/www.bac-prebocage.com\/index.php\/wp-json\/wp\/v2\/pages\/95","targetHints":{"allow":["GET"]}}],"collection":[{"href":"https:\/\/www.bac-prebocage.com\/index.php\/wp-json\/wp\/v2\/pages"}],"about":[{"href":"https:\/\/www.bac-prebocage.com\/index.php\/wp-json\/wp\/v2\/types\/page"}],"author":[{"embeddable":true,"href":"https:\/\/www.bac-prebocage.com\/index.php\/wp-json\/wp\/v2\/users\/1"}],"replies":[{"embeddable":true,"href":"https:\/\/www.bac-prebocage.com\/index.php\/wp-json\/wp\/v2\/comments?post=95"}],"version-history":[{"count":29,"href":"https:\/\/www.bac-prebocage.com\/index.php\/wp-json\/wp\/v2\/pages\/95\/revisions"}],"predecessor-version":[{"id":512,"href":"https:\/\/www.bac-prebocage.com\/index.php\/wp-json\/wp\/v2\/pages\/95\/revisions\/512"}],"up":[{"embeddable":true,"href":"https:\/\/www.bac-prebocage.com\/index.php\/wp-json\/wp\/v2\/pages\/25"}],"wp:attachment":[{"href":"https:\/\/www.bac-prebocage.com\/index.php\/wp-json\/wp\/v2\/media?parent=95"}],"curies":[{"name":"wp","href":"https:\/\/api.w.org\/{rel}","templated":true}]}}