{"id":98,"date":"2015-09-21T16:09:26","date_gmt":"2015-09-21T15:09:26","guid":{"rendered":"http:\/\/www.bac-prebocage.com\/?page_id=98"},"modified":"2016-05-18T08:45:47","modified_gmt":"2016-05-18T07:45:47","slug":"petites-et-moyennes-entreprises","status":"publish","type":"page","link":"https:\/\/www.bac-prebocage.com\/index.php\/nos-offres\/petites-et-moyennes-entreprises\/","title":{"rendered":""},"content":{"rendered":"<h3 style=\"text-align: center;\">Accroissement temporaire d&rsquo;activit\u00e9<\/h3>\n<h3 style=\"text-align: center;\">Travaux saisonniers<\/h3>\n<h3 style=\"text-align: center;\">Remplacement d&rsquo;un salari\u00e9<\/h3>\n<p>&nbsp;<\/p>\n<p>La <strong>BAC DU PRE-BOCAGE<\/strong> met \u00e0 disposition du personnel pour les missions suivantes :<\/p>\n<ul>\n<li>Entretien des locaux, bureaux, vitrines, ..<\/li>\n<li>Entretien des espaces verts<\/li>\n<li>Travaux administratifs<\/li>\n<li>Man\u0153uvre \/ Manutention<\/li>\n<li>Travaux agricoles<\/li>\n<li>Livraison \/transport<\/li>\n<li>H\u00f4tellerie \/ Restauration<\/li>\n<\/ul>\n<p><strong>\u00a0\u00a0\u00a0\u00a0\u00a0\u00a0\u00a0\u00a0 Cette liste n&rsquo;est pas exhaustive. N&rsquo;h\u00e9sitez pas \u00e0 nous contacter pour toutes information compl\u00e9mentaire.<\/strong><\/p>\n<h3>Avantages :<\/h3>\n<ul>\n<li>Un interlocuteur unique<\/li>\n<li>Une bonne connaissance du public de proximit\u00e9<\/li>\n<li>Des d\u00e9marches administratives simplifi\u00e9es<\/li>\n<li>Une r\u00e9ponse rapide et adapt\u00e9e \u00e0 vos besoins<\/li>\n<li>Une souplesse dans la gestion du personnel<\/li>\n<li>Un acteur de l\u2019\u00c9conomie Sociale et Solidaire<\/li>\n<\/ul>\n<p>&nbsp;<\/p>\n","protected":false},"excerpt":{"rendered":"<p>Accroissement temporaire d&rsquo;activit\u00e9 Travaux saisonniers Remplacement d&rsquo;un salari\u00e9 &nbsp; La BAC DU PRE-BOCAGE met \u00e0 disposition du personnel pour les missions suivantes : Entretien des locaux, bureaux, vitrines, .. Entretien des espaces verts Travaux administratifs Man\u0153uvre \/ Manutention Travaux agricoles Livraison \/transport H\u00f4tellerie \/ Restauration \u00a0\u00a0\u00a0\u00a0\u00a0\u00a0\u00a0\u00a0 Cette liste n&rsquo;est pas exhaustive. N&rsquo;h\u00e9sitez pas \u00e0 nous [&hellip;]<\/p>\n","protected":false},"author":1,"featured_media":0,"parent":25,"menu_order":0,"comment_status":"closed","ping_status":"closed","template":"","meta":{"footnotes":""},"class_list":["post-98","page","type-page","status-publish","hentry"],"_links":{"self":[{"href":"https:\/\/www.bac-prebocage.com\/index.php\/wp-json\/wp\/v2\/pages\/98","targetHints":{"allow":["GET"]}}],"collection":[{"href":"https:\/\/www.bac-prebocage.com\/index.php\/wp-json\/wp\/v2\/pages"}],"about":[{"href":"https:\/\/www.bac-prebocage.com\/index.php\/wp-json\/wp\/v2\/types\/page"}],"author":[{"embeddable":true,"href":"https:\/\/www.bac-prebocage.com\/index.php\/wp-json\/wp\/v2\/users\/1"}],"replies":[{"embeddable":true,"href":"https:\/\/www.bac-prebocage.com\/index.php\/wp-json\/wp\/v2\/comments?post=98"}],"version-history":[{"count":15,"href":"https:\/\/www.bac-prebocage.com\/index.php\/wp-json\/wp\/v2\/pages\/98\/revisions"}],"predecessor-version":[{"id":488,"href":"https:\/\/www.bac-prebocage.com\/index.php\/wp-json\/wp\/v2\/pages\/98\/revisions\/488"}],"up":[{"embeddable":true,"href":"https:\/\/www.bac-prebocage.com\/index.php\/wp-json\/wp\/v2\/pages\/25"}],"wp:attachment":[{"href":"https:\/\/www.bac-prebocage.com\/index.php\/wp-json\/wp\/v2\/media?parent=98"}],"curies":[{"name":"wp","href":"https:\/\/api.w.org\/{rel}","templated":true}]}}